{"id":2452,"date":"2024-11-29T13:11:27","date_gmt":"2024-11-29T13:11:27","guid":{"rendered":"https:\/\/quesoft.com.co\/tienda\/?post_type=product&#038;p=2452"},"modified":"2024-11-29T13:12:32","modified_gmt":"2024-11-29T13:12:32","slug":"plataformas-de-educacion-virtual","status":"publish","type":"product","link":"https:\/\/quesoft.com.co\/tienda\/product\/plataformas-de-educacion-virtual\/","title":{"rendered":"Plataformas de educaci\u00f3n Virtual"},"content":{"rendered":"<p>Plataformas de aprendizaje en l\u00ednea de c\u00f3digo abierto y privadas dise\u00f1adas para ayudar a educadores, administradores y estudiantes a crear y gestionar entornos de aprendizaje personalizados. Algunas de sus caracter\u00edsticas principales incluyen:<\/p>\n<ul>\n<li><strong>Gesti\u00f3n de cursos y contenido<\/strong>: permite crear, organizar y administrar cursos con diversos recursos y actividades.<\/li>\n<li><strong>Herramientas de evaluaci\u00f3n<\/strong>: ofrece cuestionarios, tareas, evaluaciones y calificaciones para monitorear el progreso de los estudiantes.<\/li>\n<li><strong>Comunicaci\u00f3n y colaboraci\u00f3n<\/strong>: facilita la interacci\u00f3n a trav\u00e9s de foros, chats, wikis y mensajer\u00eda interna.<\/li>\n<li><strong>Personalizaci\u00f3n y extensibilidad<\/strong>: soporta plugins y temas para adaptar la funcionalidad y el dise\u00f1o seg\u00fan las necesidades.<\/li>\n<li><strong>Accesibilidad m\u00f3vil<\/strong>: cuenta con aplicaciones m\u00f3viles que permiten acceder al contenido desde dispositivos m\u00f3viles.<\/li>\n<\/ul>\n<p><strong>Cont\u00e1ctanos para mas informaci\u00f3n<\/strong><\/p>\n<p>Aplica condiciones de uso el valor aqu\u00ed reflejado es por usuario o estudiante.<\/p>\n<p><script src=\"moz-extension:\/\/3248d579-f2cc-4351-a568-8c682ec187b8\/js\/app.js\" type=\"text\/javascript\"><\/script><\/p>\n","protected":false},"excerpt":{"rendered":"<p>&nbsp;<\/p>\n<p><script src=\"moz-extension:\/\/3248d579-f2cc-4351-a568-8c682ec187b8\/js\/app.js\" type=\"text\/javascript\"><\/script><\/p>\n<p><script src=\"moz-extension:\/\/3248d579-f2cc-4351-a568-8c682ec187b8\/js\/app.js\" type=\"text\/javascript\"><\/script><\/p>\n","protected":false},"featured_media":2453,"comment_status":"open","ping_status":"closed","template":"","meta":[],"product_brand":[],"product_cat":[94,110,95],"product_tag":[],"class_list":{"0":"post-2452","1":"product","2":"type-product","3":"status-publish","4":"has-post-thumbnail","6":"product_cat-educacion","7":"product_cat-paginas-web","8":"product_cat-tecnologia","10":"first","11":"instock","12":"sale","13":"shipping-taxable","14":"purchasable","15":"product-type-simple"},"_links":{"self":[{"href":"https:\/\/quesoft.com.co\/tienda\/wp-json\/wp\/v2\/product\/2452","targetHints":{"allow":["GET"]}}],"collection":[{"href":"https:\/\/quesoft.com.co\/tienda\/wp-json\/wp\/v2\/product"}],"about":[{"href":"https:\/\/quesoft.com.co\/tienda\/wp-json\/wp\/v2\/types\/product"}],"replies":[{"embeddable":true,"href":"https:\/\/quesoft.com.co\/tienda\/wp-json\/wp\/v2\/comments?post=2452"}],"wp:featuredmedia":[{"embeddable":true,"href":"https:\/\/quesoft.com.co\/tienda\/wp-json\/wp\/v2\/media\/2453"}],"wp:attachment":[{"href":"https:\/\/quesoft.com.co\/tienda\/wp-json\/wp\/v2\/media?parent=2452"}],"wp:term":[{"taxonomy":"product_brand","embeddable":true,"href":"https:\/\/quesoft.com.co\/tienda\/wp-json\/wp\/v2\/product_brand?post=2452"},{"taxonomy":"product_cat","embeddable":true,"href":"https:\/\/quesoft.com.co\/tienda\/wp-json\/wp\/v2\/product_cat?post=2452"},{"taxonomy":"product_tag","embeddable":true,"href":"https:\/\/quesoft.com.co\/tienda\/wp-json\/wp\/v2\/product_tag?post=2452"}],"curies":[{"name":"wp","href":"https:\/\/api.w.org\/{rel}","templated":true}]}}