{"id":2447,"date":"2024-11-29T12:44:51","date_gmt":"2024-11-29T12:44:51","guid":{"rendered":"https:\/\/quesoft.com.co\/tienda\/?post_type=product&#038;p=2447"},"modified":"2024-11-29T12:49:23","modified_gmt":"2024-11-29T12:49:23","slug":"tienda-en-linea","status":"publish","type":"product","link":"https:\/\/quesoft.com.co\/tienda\/product\/tienda-en-linea\/","title":{"rendered":"Tienda en Linea"},"content":{"rendered":"<p>Incluye un cat\u00e1logo de productos, carrito de compras, m\u00e9todos de pago electr\u00f3nicos y opciones de env\u00edo. Permite a los clientes comprar desde cualquier lugar y en cualquier momento.<br \/>\nse entrega con 50 productos iniciales y el usuario podr\u00e1 crear tantos productos como desee.<\/p>\n<p><script src=\"moz-extension:\/\/3248d579-f2cc-4351-a568-8c682ec187b8\/js\/app.js\" type=\"text\/javascript\"><\/script><\/p>\n<p><script src=\"moz-extension:\/\/3248d579-f2cc-4351-a568-8c682ec187b8\/js\/app.js\" type=\"text\/javascript\"><\/script><\/p>\n","protected":false},"excerpt":{"rendered":"<p>&nbsp;<\/p>\n<p><script src=\"moz-extension:\/\/3248d579-f2cc-4351-a568-8c682ec187b8\/js\/app.js\" type=\"text\/javascript\"><\/script><\/p>\n<p><script src=\"moz-extension:\/\/3248d579-f2cc-4351-a568-8c682ec187b8\/js\/app.js\" type=\"text\/javascript\"><\/script><\/p>\n","protected":false},"featured_media":2449,"comment_status":"open","ping_status":"closed","template":"","meta":[],"product_brand":[],"product_cat":[110,95],"product_tag":[],"class_list":{"0":"post-2447","1":"product","2":"type-product","3":"status-publish","4":"has-post-thumbnail","6":"product_cat-paginas-web","7":"product_cat-tecnologia","9":"first","10":"instock","11":"sale","12":"shipping-taxable","13":"purchasable","14":"product-type-simple"},"_links":{"self":[{"href":"https:\/\/quesoft.com.co\/tienda\/wp-json\/wp\/v2\/product\/2447","targetHints":{"allow":["GET"]}}],"collection":[{"href":"https:\/\/quesoft.com.co\/tienda\/wp-json\/wp\/v2\/product"}],"about":[{"href":"https:\/\/quesoft.com.co\/tienda\/wp-json\/wp\/v2\/types\/product"}],"replies":[{"embeddable":true,"href":"https:\/\/quesoft.com.co\/tienda\/wp-json\/wp\/v2\/comments?post=2447"}],"wp:featuredmedia":[{"embeddable":true,"href":"https:\/\/quesoft.com.co\/tienda\/wp-json\/wp\/v2\/media\/2449"}],"wp:attachment":[{"href":"https:\/\/quesoft.com.co\/tienda\/wp-json\/wp\/v2\/media?parent=2447"}],"wp:term":[{"taxonomy":"product_brand","embeddable":true,"href":"https:\/\/quesoft.com.co\/tienda\/wp-json\/wp\/v2\/product_brand?post=2447"},{"taxonomy":"product_cat","embeddable":true,"href":"https:\/\/quesoft.com.co\/tienda\/wp-json\/wp\/v2\/product_cat?post=2447"},{"taxonomy":"product_tag","embeddable":true,"href":"https:\/\/quesoft.com.co\/tienda\/wp-json\/wp\/v2\/product_tag?post=2447"}],"curies":[{"name":"wp","href":"https:\/\/api.w.org\/{rel}","templated":true}]}}