{"id":2300,"date":"2024-11-27T21:54:40","date_gmt":"2024-11-27T21:54:40","guid":{"rendered":"https:\/\/quesoft.com.co\/tienda\/?post_type=product&#038;p=2300"},"modified":"2024-11-27T22:02:36","modified_gmt":"2024-11-27T22:02:36","slug":"paginas-web-administrables","status":"publish","type":"product","link":"https:\/\/quesoft.com.co\/tienda\/product\/paginas-web-administrables\/","title":{"rendered":"Paginas web Administrables"},"content":{"rendered":"<p><span class=\"BxUVEf ILfuVd\" lang=\"es\"><span class=\"hgKElc\">Una p\u00e1gina web administrable <b>es una web din\u00e1mica que te permite gestionar contenido a trav\u00e9s de una interface administrativa<\/b>. Usualmente son construidas con una herramienta denominada Sistema de Gesti\u00f3n de Contenidos (CMS por sus siglas en ingles) que simplifica mucho el desarrollo del proyecto.<\/span><\/span><\/p>\n<p>Que incluye:1.<\/p>\n<p>1. Hosting y dominio<br \/>\n2. (5) Paginas internas<br \/>\n3. Formulario de contacto<br \/>\n4. Buscador<br \/>\n5. Sugerencia de SEO (posicionamiento Web)<\/p>\n<p>&nbsp;<\/p>\n<p><script src=\"moz-extension:\/\/3248d579-f2cc-4351-a568-8c682ec187b8\/js\/app.js\" type=\"text\/javascript\"><\/script><\/p>\n","protected":false},"excerpt":{"rendered":"<p>&nbsp;<\/p>\n<p><script src=\"moz-extension:\/\/3248d579-f2cc-4351-a568-8c682ec187b8\/js\/app.js\" type=\"text\/javascript\"><\/script><\/p>\n<p><script src=\"moz-extension:\/\/3248d579-f2cc-4351-a568-8c682ec187b8\/js\/app.js\" type=\"text\/javascript\"><\/script><\/p>\n","protected":false},"featured_media":2302,"comment_status":"open","ping_status":"closed","template":"","meta":[],"product_brand":[],"product_cat":[110],"product_tag":[],"class_list":{"0":"post-2300","1":"product","2":"type-product","3":"status-publish","4":"has-post-thumbnail","6":"product_cat-paginas-web","8":"first","9":"instock","10":"sale","11":"shipping-taxable","12":"purchasable","13":"product-type-simple"},"_links":{"self":[{"href":"https:\/\/quesoft.com.co\/tienda\/wp-json\/wp\/v2\/product\/2300","targetHints":{"allow":["GET"]}}],"collection":[{"href":"https:\/\/quesoft.com.co\/tienda\/wp-json\/wp\/v2\/product"}],"about":[{"href":"https:\/\/quesoft.com.co\/tienda\/wp-json\/wp\/v2\/types\/product"}],"replies":[{"embeddable":true,"href":"https:\/\/quesoft.com.co\/tienda\/wp-json\/wp\/v2\/comments?post=2300"}],"wp:featuredmedia":[{"embeddable":true,"href":"https:\/\/quesoft.com.co\/tienda\/wp-json\/wp\/v2\/media\/2302"}],"wp:attachment":[{"href":"https:\/\/quesoft.com.co\/tienda\/wp-json\/wp\/v2\/media?parent=2300"}],"wp:term":[{"taxonomy":"product_brand","embeddable":true,"href":"https:\/\/quesoft.com.co\/tienda\/wp-json\/wp\/v2\/product_brand?post=2300"},{"taxonomy":"product_cat","embeddable":true,"href":"https:\/\/quesoft.com.co\/tienda\/wp-json\/wp\/v2\/product_cat?post=2300"},{"taxonomy":"product_tag","embeddable":true,"href":"https:\/\/quesoft.com.co\/tienda\/wp-json\/wp\/v2\/product_tag?post=2300"}],"curies":[{"name":"wp","href":"https:\/\/api.w.org\/{rel}","templated":true}]}}