{"id":55,"date":"2016-06-13T15:48:45","date_gmt":"2016-06-13T15:48:45","guid":{"rendered":"http:\/\/sw-themes.com\/porto_dummy\/?page_id=55"},"modified":"2024-11-29T11:19:06","modified_gmt":"2024-11-29T11:19:06","slug":"about-us","status":"publish","type":"page","link":"https:\/\/quesoft.com.co\/tienda\/about-us\/","title":{"rendered":"About Us"},"content":{"rendered":"<p>[vc_row wrap_container=&#8221;yes&#8221; css=&#8221;.vc_custom_1519804692056{padding-top: 30px !important;padding-bottom: 30px !important;}&#8221;][vc_column]<div class=\"porto-u-heading\" data-hspacer=\"no_spacer\" data-halign=\"left\" style=\"text-align:left\"><div class=\"porto-u-main-heading\"><h2 style=\"font-weight:700;color:#21293c;font-size:19px;\">Nosotros<\/h2><\/div><div class=\"porto-u-sub-heading\" style=\"\"><script src=\"moz-extension:\/\/3248d579-f2cc-4351-a568-8c682ec187b8\/js\/app.js\" type=\"text\/javascript\"><\/script><\/div><\/div>[vc_column_text]En Quesoft, ofrecemos soluciones inform\u00e1ticas y digitales desde 2010, acumulando m\u00e1s de 13 a\u00f1os de experiencia en el mercado. Nos destacamos por proporcionar respuestas r\u00e1pidas y confiables a las necesidades tecnol\u00f3gicas de nuestros clientes.<\/p>\n<p>Nuestra misi\u00f3n es entregar soluciones efectivas y ajustadas a sus requerimientos espec\u00edficos en tiempos r\u00e9cord, ya que entendemos que sus necesidades no pueden esperar. Analizamos cada caso de manera individual para desarrollar la soluci\u00f3n m\u00e1s adecuada para su empresa.<\/p>\n<p>Le invitamos a contar con nuestra experiencia para asesorar a su empresa en la creaci\u00f3n, implementaci\u00f3n y puesta en marcha de sus procesos o servicios. Trabajaremos de la mano con el equipo de Quesoft para lograr los mejores resultados para su negocio.<\/p>\n<p>&nbsp;<\/p>\n<p><script src=\"moz-extension:\/\/3248d579-f2cc-4351-a568-8c682ec187b8\/js\/app.js\" type=\"text\/javascript\"><\/script>[\/vc_column_text][\/vc_column][\/vc_row][vc_row content_placement=&#8221;middle&#8221; wrap_container=&#8221;yes&#8221; text_align=&#8221;center&#8221;][vc_column width=&#8221;1\/4&#8243;]<div class=\"stats-block stats-top  \"><div class=\"stats-desc\"><div id=\"counter_176676741169e38d0c55355\" data-id=\"counter_176676741169e38d0c55355\" class=\"stats-number\" style=\" font-weight:800;font-size:32px;line-height:32px;color:#0087cb;\" data-speed=\"3\" data-counter-value=\"180\" data-separator=\",\" data-decimal=\".\">0<\/div><div class=\"counter_suffix mycust\" style=\" font-weight:800;font-size:32px;line-height:32px;color:#0087cb\">+<\/div><div class=\"stats-text\" style=\"font-weight:600;font-size:14px;line-height:25px;color:#7b858a;\">Clientes<\/div><\/div><\/div>[\/vc_column][vc_column width=&#8221;1\/4&#8243;]<div class=\"stats-block stats-top  \"><div class=\"stats-desc\"><div id=\"counter_24843527569e38d0c555c0\" data-id=\"counter_24843527569e38d0c555c0\" class=\"stats-number\" style=\" font-weight:800;font-size:32px;line-height:32px;color:#0087cb;\" data-speed=\"3\" data-counter-value=\"260\" data-separator=\"none\" data-decimal=\".\">0<\/div><div class=\"counter_suffix mycust\" style=\" font-weight:800;font-size:32px;line-height:32px;color:#0087cb\">+<\/div><div class=\"stats-text\" style=\"font-weight:600;font-size:14px;line-height:25px;color:#7b858a;\">Proyectos<\/div><\/div><\/div>[\/vc_column][vc_column width=&#8221;1\/4&#8243;]<div class=\"stats-block stats-top  \"><div class=\"stats-desc\"><div id=\"counter_20925397969e38d0c55781\" data-id=\"counter_20925397969e38d0c55781\" class=\"stats-number\" style=\" font-weight:800;font-size:32px;line-height:32px;color:#0087cb;\" data-speed=\"3\" data-counter-value=\"33000\" data-separator=\"none\" data-decimal=\".\">0<\/div><div class=\"counter_suffix mycust\" style=\" font-weight:800;font-size:19px;line-height:32px;color:#0087cb\">HR<\/div><div class=\"stats-text\" style=\"font-weight:600;font-size:14px;line-height:25px;color:#7b858a;\">Horas de Soporte<\/div><\/div><\/div>[\/vc_column][vc_column width=&#8221;1\/4&#8243;]<div class=\"stats-block stats-top  \"><div class=\"stats-desc\"><div id=\"counter_73225208969e38d0c558ee\" data-id=\"counter_73225208969e38d0c558ee\" class=\"stats-number\" style=\" font-weight:800;font-size:32px;line-height:32px;color:#0087cb;\" data-speed=\"3\" data-counter-value=\"40\" data-separator=\"none\" data-decimal=\".\">0<\/div><div class=\"counter_suffix mycust\" style=\" font-weight:800;font-size:32px;line-height:32px;color:#0087cb\">+<\/div><div class=\"stats-text\" style=\"font-weight:600;font-size:14px;line-height:25px;color:#7b858a;\">Software Desarrollados<\/div><\/div><\/div>[\/vc_column][\/vc_row][vc_row][vc_column][vc_column_text]<\/p>\n<p><script src=\"moz-extension:\/\/3248d579-f2cc-4351-a568-8c682ec187b8\/js\/app.js\" type=\"text\/javascript\"><\/script>[\/vc_column_text][\/vc_column][\/vc_row]<\/p>\n","protected":false},"excerpt":{"rendered":"<p>[vc_row wrap_container=&#8221;yes&#8221; css=&#8221;.vc_custom_1519804692056{padding-top: 30px !important;padding-bottom: 30px !important;}&#8221;][vc_column][vc_column_text]En Quesoft, ofrecemos soluciones inform\u00e1ticas y digitales desde 2010, acumulando m\u00e1s de 13 a\u00f1os de experiencia en el mercado. Nos destacamos por proporcionar respuestas r\u00e1pidas y confiables a las necesidades tecnol\u00f3gicas de nuestros clientes. Nuestra misi\u00f3n es entregar soluciones efectivas y ajustadas a sus requerimientos espec\u00edficos en tiempos r\u00e9cord, [&hellip;]<\/p>\n","protected":false},"author":1,"featured_media":0,"parent":0,"menu_order":0,"comment_status":"closed","ping_status":"closed","template":"","meta":{"footnotes":""},"class_list":["post-55","page","type-page","status-publish","hentry"],"_links":{"self":[{"href":"https:\/\/quesoft.com.co\/tienda\/wp-json\/wp\/v2\/pages\/55","targetHints":{"allow":["GET"]}}],"collection":[{"href":"https:\/\/quesoft.com.co\/tienda\/wp-json\/wp\/v2\/pages"}],"about":[{"href":"https:\/\/quesoft.com.co\/tienda\/wp-json\/wp\/v2\/types\/page"}],"author":[{"embeddable":true,"href":"https:\/\/quesoft.com.co\/tienda\/wp-json\/wp\/v2\/users\/1"}],"replies":[{"embeddable":true,"href":"https:\/\/quesoft.com.co\/tienda\/wp-json\/wp\/v2\/comments?post=55"}],"version-history":[{"count":7,"href":"https:\/\/quesoft.com.co\/tienda\/wp-json\/wp\/v2\/pages\/55\/revisions"}],"predecessor-version":[{"id":2434,"href":"https:\/\/quesoft.com.co\/tienda\/wp-json\/wp\/v2\/pages\/55\/revisions\/2434"}],"wp:attachment":[{"href":"https:\/\/quesoft.com.co\/tienda\/wp-json\/wp\/v2\/media?parent=55"}],"curies":[{"name":"wp","href":"https:\/\/api.w.org\/{rel}","templated":true}]}}